{"id":2705,"date":"2026-02-13T18:41:14","date_gmt":"2026-02-14T00:41:14","guid":{"rendered":"https:\/\/cutchi.mx\/?page_id=2705"},"modified":"2026-04-06T17:20:19","modified_gmt":"2026-04-06T23:20:19","slug":"landing-educacion-continua","status":"publish","type":"page","link":"https:\/\/cutchi.mx\/?page_id=2705","title":{"rendered":"Landing &#8211; Educaci\u00f3n continua"},"content":{"rendered":"\n<div class=\"wp-block-cover alignfull is-light wp-duotone-magenta-yellow\" style=\"margin-top:0;padding-top:48px;padding-right:48px;padding-bottom:48px;padding-left:48px;min-height:379px;aspect-ratio:unset;\"><img loading=\"lazy\" decoding=\"async\" width=\"1024\" height=\"683\" class=\"wp-block-cover__image-background wp-image-2625 size-large\" alt=\"\" src=\"https:\/\/cutchi.mx\/wpress\/wp-content\/uploads\/2025\/12\/6-9-1024x683.jpg\" data-object-fit=\"cover\" srcset=\"https:\/\/cutchi.mx\/wpress\/wp-content\/uploads\/2025\/12\/6-9-1024x683.jpg 1024w, https:\/\/cutchi.mx\/wpress\/wp-content\/uploads\/2025\/12\/6-9-300x200.jpg 300w, https:\/\/cutchi.mx\/wpress\/wp-content\/uploads\/2025\/12\/6-9-768x512.jpg 768w, https:\/\/cutchi.mx\/wpress\/wp-content\/uploads\/2025\/12\/6-9-1536x1024.jpg 1536w, https:\/\/cutchi.mx\/wpress\/wp-content\/uploads\/2025\/12\/6-9.jpg 2048w\" sizes=\"auto, (max-width: 1024px) 100vw, 1024px\" \/><span aria-hidden=\"true\" class=\"wp-block-cover__background has-background-dim-30 has-background-dim\" style=\"background-color:#8c8b8b\"><\/span><div class=\"wp-block-cover__inner-container is-layout-flow wp-block-cover-is-layout-flow\">\n<div class=\"wp-block-group alignwide is-layout-constrained wp-container-core-group-is-layout-105570a8 wp-block-group-is-layout-constrained\">\n<h2 class=\"wp-block-heading alignwide has-text-align-center has-white-color has-text-color\" style=\"font-size:40px;font-style:normal;font-weight:700;letter-spacing:0px;line-height:1.3;text-transform:capitalize\">Educaci\u00f3n continua<\/h2>\n\n\n\n<p class=\"has-text-align-center has-white-color has-text-color\">Encuentra las opciones para mantenerte a la vanguardia en tu campo de formaci\u00f3n<\/p>\n<\/div>\n\n\n\n<div style=\"height:60px\" aria-hidden=\"true\" class=\"wp-block-spacer\"><\/div>\n<\/div><\/div>\n\n\n\n<div class=\"wp-block-kadence-column kadence-column2705_a0ce02-91\"><div class=\"kt-inside-inner-col\">\n<div class=\"wp-block-group is-style-default is-layout-constrained wp-block-group-is-layout-constrained\">\n<h2 class=\"wp-block-heading has-text-align-center\" style=\"border-style:none;border-width:0px;margin-top:0;margin-right:0;margin-bottom:0;margin-left:0\">Diplomados<\/h2>\n\n\n\n<p>Refuerza tus conocimientos, mediante el estudio especializado de temas selectos de las licenciaturas que se imparten en nuestra casa de estudios. <\/p>\n\n\n\n<p>Nuestros diplomados son impartidos por especialistas en el \u00e1rea, que a trav\u00e9s de la praxis y la docencia se mantienen a la vanguardia en el estado del arte de sus disciplinas.<\/p>\n\n\n\n<p>Por el momento, estos cursos especializados est\u00e1n reservados a los miembros de nuestra comunidad universitaria. Si deseas mayor informaci\u00f3n comun\u00edcate al <a href=\"tel:5558531190\" target=\"_blank\" rel=\"noreferrer noopener\">55 58 53 11 90<\/a> con la Lic. Michelle Medina o escribe al correo <a href=\"mailto:contacto@cutchi.mx\">contacto@cutchi.mx<\/a> con el asunto \u00abInformaci\u00f3n diplomados\u00bb.<\/p>\n<\/div>\n<\/div><\/div>\n\n\n\n<div class=\"wp-block-kadence-column kadence-column2705_0f18d2-32\"><div class=\"kt-inside-inner-col\">\n<h2 class=\"wp-block-heading has-text-align-center\">Convocatorias<\/h2>\n\n\n\n<div class=\"wp-block-group is-layout-constrained wp-block-group-is-layout-constrained\">\n<div class=\"wp-block-group has-border-color has-background is-layout-constrained wp-block-group-is-layout-constrained\" style=\"border-color:#4e4525;border-width:6px;border-top-left-radius:30px;border-top-right-radius:30px;border-bottom-left-radius:30px;border-bottom-right-radius:30px;background-color:#fffbe5\">\n<div class=\"wp-block-group is-vertical is-content-justification-center is-layout-flex wp-container-core-group-is-layout-ce155fab wp-block-group-is-layout-flex\">\n<div class=\"wp-block-columns is-not-stacked-on-mobile is-layout-flex wp-container-core-columns-is-layout-28f84493 wp-block-columns-is-layout-flex\">\n<div class=\"wp-block-column is-layout-flow wp-block-column-is-layout-flow\">\n<figure class=\"wp-block-image size-full is-resized has-custom-border\"><img loading=\"lazy\" decoding=\"async\" width=\"243\" height=\"243\" src=\"https:\/\/cutchi.mx\/wpress\/wp-content\/uploads\/2024\/04\/psicopedagogia_logo2.png\" alt=\"\" class=\"wp-image-386\" style=\"border-style:none;border-width:0px;border-top-left-radius:0px;border-top-right-radius:0px;border-bottom-left-radius:0px;border-bottom-right-radius:0px;width:150px\" srcset=\"https:\/\/cutchi.mx\/wpress\/wp-content\/uploads\/2024\/04\/psicopedagogia_logo2.png 243w, https:\/\/cutchi.mx\/wpress\/wp-content\/uploads\/2024\/04\/psicopedagogia_logo2-150x150.png 150w\" sizes=\"auto, (max-width: 243px) 100vw, 243px\" \/><\/figure>\n<\/div>\n\n\n\n<div class=\"wp-block-column is-layout-flow wp-block-column-is-layout-flow\">\n<figure class=\"wp-block-image size-full is-resized has-custom-border\"><img loading=\"lazy\" decoding=\"async\" width=\"274\" height=\"274\" src=\"https:\/\/cutchi.mx\/wpress\/wp-content\/uploads\/2024\/04\/pedagogia_logo2.png\" alt=\"\" class=\"wp-image-363\" style=\"border-style:none;border-width:0px;border-top-left-radius:0px;border-top-right-radius:0px;border-bottom-left-radius:0px;border-bottom-right-radius:0px;width:150px\" srcset=\"https:\/\/cutchi.mx\/wpress\/wp-content\/uploads\/2024\/04\/pedagogia_logo2.png 274w, https:\/\/cutchi.mx\/wpress\/wp-content\/uploads\/2024\/04\/pedagogia_logo2-150x150.png 150w\" sizes=\"auto, (max-width: 274px) 100vw, 274px\" \/><\/figure>\n<\/div>\n<\/div>\n\n\n\n<h3 class=\"wp-block-heading has-text-align-center has-body-text-color has-text-color has-link-color has-urbanist-font-family wp-elements-60e95002d787f0ad3e89b7176989fb37\" style=\"font-style:normal;font-weight:700\">Diplomado en educaci\u00f3n inclusiva<\/h3>\n\n\n\n<p class=\"has-text-align-left\">Dirigido a los estudiantes o egresados de las carreras de Pedagog\u00eda o Psicopedagog\u00eda que deseen profundizar en los m\u00e9todos y estrategias de educaci\u00f3n para personas neuro divergentes.<\/p>\n\n\n\n<figure class=\"wp-block-table is-style-fse-education-school-wp-table\" style=\"padding-top:0;padding-right:0;padding-bottom:0;padding-left:0\"><table class=\"has-text-color has-background has-link-color has-fixed-layout\" style=\"color:#4e4525;background-color:#fff8ce;border-style:none;border-width:0px\"><tbody><tr><td>Periodo de registro<\/td><td class=\"has-text-align-left\" data-align=\"left\">16 al 26 de febrero de 2026<\/td><\/tr><tr><td>Modalidad<\/td><td class=\"has-text-align-left\" data-align=\"left\">En l\u00ednea<\/td><\/tr><tr><td>Comienzo<\/td><td class=\"has-text-align-left\" data-align=\"left\">7 de marzo de 2026<\/td><\/tr><tr><td>Duraci\u00f3n<\/td><td class=\"has-text-align-left\" data-align=\"left\">12 sesiones sabatinas<\/td><\/tr><\/tbody><\/table><\/figure>\n<\/div>\n\n\n\n<div class=\"wp-block-buttons is-vertical is-content-justification-center is-layout-flex wp-container-core-buttons-is-layout-47909919 wp-block-buttons-is-layout-flex\">\n<div class=\"wp-block-button has-custom-width wp-block-button__width-50 is-style-outline is-style-outline--1\"><a class=\"wp-block-button__link has-text-color has-background has-link-color has-small-font-size has-custom-font-size wp-element-button\" style=\"border-top-left-radius:25px;border-top-right-radius:25px;border-bottom-left-radius:25px;border-bottom-right-radius:25px;color:#fff8ce;background-color:#4e4525\">cerrado<\/a><\/div>\n<\/div>\n<\/div>\n<\/div>\n\n\n\n<div style=\"height:100px\" aria-hidden=\"true\" class=\"wp-block-spacer\"><\/div>\n\n\n\n<div class=\"wp-block-group is-layout-constrained wp-block-group-is-layout-constrained\">\n<div class=\"wp-block-group has-border-color has-background is-layout-constrained wp-block-group-is-layout-constrained\" style=\"border-color:#4e4525;border-width:6px;border-top-left-radius:30px;border-top-right-radius:30px;border-bottom-left-radius:30px;border-bottom-right-radius:30px;background-color:#fffbe5\">\n<div class=\"wp-block-group is-vertical is-content-justification-center is-layout-flex wp-container-core-group-is-layout-ce155fab wp-block-group-is-layout-flex\">\n<div class=\"wp-block-columns is-not-stacked-on-mobile is-layout-flex wp-container-core-columns-is-layout-28f84493 wp-block-columns-is-layout-flex\">\n<div class=\"wp-block-column is-layout-flow wp-block-column-is-layout-flow\">\n<figure class=\"wp-block-image size-full is-resized has-custom-border\"><img loading=\"lazy\" decoding=\"async\" width=\"243\" height=\"243\" src=\"https:\/\/cutchi.mx\/wpress\/wp-content\/uploads\/2024\/04\/psicopedagogia_logo2.png\" alt=\"\" class=\"wp-image-386\" style=\"border-style:none;border-width:0px;border-top-left-radius:0px;border-top-right-radius:0px;border-bottom-left-radius:0px;border-bottom-right-radius:0px;width:150px\" srcset=\"https:\/\/cutchi.mx\/wpress\/wp-content\/uploads\/2024\/04\/psicopedagogia_logo2.png 243w, https:\/\/cutchi.mx\/wpress\/wp-content\/uploads\/2024\/04\/psicopedagogia_logo2-150x150.png 150w\" sizes=\"auto, (max-width: 243px) 100vw, 243px\" \/><\/figure>\n<\/div>\n\n\n\n<div class=\"wp-block-column is-layout-flow wp-block-column-is-layout-flow\">\n<figure class=\"wp-block-image size-full is-resized has-custom-border\"><img loading=\"lazy\" decoding=\"async\" width=\"274\" height=\"274\" src=\"https:\/\/cutchi.mx\/wpress\/wp-content\/uploads\/2024\/04\/pedagogia_logo2.png\" alt=\"\" class=\"wp-image-363\" style=\"border-style:none;border-width:0px;border-top-left-radius:0px;border-top-right-radius:0px;border-bottom-left-radius:0px;border-bottom-right-radius:0px;width:150px\" srcset=\"https:\/\/cutchi.mx\/wpress\/wp-content\/uploads\/2024\/04\/pedagogia_logo2.png 274w, https:\/\/cutchi.mx\/wpress\/wp-content\/uploads\/2024\/04\/pedagogia_logo2-150x150.png 150w\" sizes=\"auto, (max-width: 274px) 100vw, 274px\" \/><\/figure>\n<\/div>\n<\/div>\n\n\n\n<h3 class=\"wp-block-heading has-text-align-center has-body-text-color has-text-color has-link-color has-urbanist-font-family wp-elements-62b3e1685165f7b58691aa70a38929e1\" style=\"font-style:normal;font-weight:700\">Diplomado en neuro educaci\u00f3n asistida<\/h3>\n\n\n\n<p class=\"has-text-align-left\">Dirigido a los estudiantes o egresados de las carreras de Pedagog\u00eda o Psicopedagog\u00eda que deseen profundizar en el entendimiento del funcionamiento cerebral para mejorar el proceso de aprendizaje.<\/p>\n\n\n\n<figure class=\"wp-block-table is-style-fse-education-school-wp-table\" style=\"padding-top:0;padding-right:0;padding-bottom:0;padding-left:0\"><table class=\"has-text-color has-background has-link-color has-fixed-layout\" style=\"color:#4e4525;background-color:#fff8ce;border-style:none;border-width:0px\"><tbody><tr><td>Periodo de registro<\/td><td class=\"has-text-align-left\" data-align=\"left\">16 al 26 de febrero de 2026<\/td><\/tr><tr><td>Modalidad<\/td><td class=\"has-text-align-left\" data-align=\"left\">En l\u00ednea<\/td><\/tr><tr><td>Comienzo<\/td><td class=\"has-text-align-left\" data-align=\"left\">7 de marzo de 2026<\/td><\/tr><tr><td>Duraci\u00f3n<\/td><td class=\"has-text-align-left\" data-align=\"left\">12 sesiones sabatinas<\/td><\/tr><\/tbody><\/table><\/figure>\n<\/div>\n\n\n\n<div class=\"wp-block-buttons is-vertical is-content-justification-center is-layout-flex wp-container-core-buttons-is-layout-47909919 wp-block-buttons-is-layout-flex\">\n<div class=\"wp-block-button has-custom-width wp-block-button__width-50 is-style-outline is-style-outline--2\"><a class=\"wp-block-button__link has-text-color has-background has-link-color has-small-font-size has-custom-font-size wp-element-button\" style=\"border-top-left-radius:25px;border-top-right-radius:25px;border-bottom-left-radius:25px;border-bottom-right-radius:25px;color:#fff8ce;background-color:#4e4525\">cerrado<\/a><\/div>\n<\/div>\n<\/div>\n<\/div>\n\n\n\n<div style=\"height:100px\" aria-hidden=\"true\" class=\"wp-block-spacer\"><\/div>\n\n\n\n<div class=\"wp-block-group is-layout-constrained wp-block-group-is-layout-constrained\">\n<div class=\"wp-block-group has-border-color has-background is-layout-constrained wp-block-group-is-layout-constrained\" style=\"border-color:#9c3c00;border-width:6px;border-top-left-radius:30px;border-top-right-radius:30px;border-bottom-left-radius:30px;border-bottom-right-radius:30px;background-color:#ffeee6\">\n<div class=\"wp-block-group is-vertical is-content-justification-center is-layout-flex wp-container-core-group-is-layout-ce155fab wp-block-group-is-layout-flex\">\n<figure class=\"wp-block-image size-full is-resized has-custom-border\"><img loading=\"lazy\" decoding=\"async\" width=\"275\" height=\"275\" src=\"https:\/\/cutchi.mx\/wpress\/wp-content\/uploads\/2024\/04\/derecho_logo2.png\" alt=\"\" class=\"wp-image-319\" style=\"border-style:none;border-width:0px;border-top-left-radius:0px;border-top-right-radius:0px;border-bottom-left-radius:0px;border-bottom-right-radius:0px;width:150px\" srcset=\"https:\/\/cutchi.mx\/wpress\/wp-content\/uploads\/2024\/04\/derecho_logo2.png 275w, https:\/\/cutchi.mx\/wpress\/wp-content\/uploads\/2024\/04\/derecho_logo2-150x150.png 150w\" sizes=\"auto, (max-width: 275px) 100vw, 275px\" \/><\/figure>\n\n\n\n<h3 class=\"wp-block-heading has-text-align-center has-body-text-color has-text-color has-link-color has-urbanist-font-family wp-elements-13f7f5919750ebce3adef78ec64b0ae6\" style=\"font-style:normal;font-weight:700\">Diplomado en c\u00f3digo nacional de procedimientos civiles y familiares<\/h3>\n\n\n\n<p class=\"has-text-align-left\">Dirigido a los estudiantes o egresados de la carrera de derecho, que necesitan actualizarse en la aplicaci\u00f3n del nuevo c\u00f3digo nacional, ante su inminente entrada en vigor.<\/p>\n\n\n\n<figure class=\"wp-block-table is-style-fse-education-school-wp-table\" style=\"padding-top:0;padding-right:0;padding-bottom:0;padding-left:0\"><table class=\"has-text-color has-background has-link-color has-fixed-layout\" style=\"color:#9c3c00;background-color:#ffd5c0;border-style:none;border-width:0px\"><tbody><tr><td>Periodo de registro<\/td><td class=\"has-text-align-left\" data-align=\"left\">16 al 26 de febrero de 2026<\/td><\/tr><tr><td>Modalidad<\/td><td class=\"has-text-align-left\" data-align=\"left\">En l\u00ednea<\/td><\/tr><tr><td>Comienzo<\/td><td class=\"has-text-align-left\" data-align=\"left\">7 de marzo de 2026<\/td><\/tr><tr><td>Duraci\u00f3n<\/td><td class=\"has-text-align-left\" data-align=\"left\">12 sesiones sabatinas<\/td><\/tr><\/tbody><\/table><\/figure>\n<\/div>\n\n\n\n<div class=\"wp-block-buttons is-vertical is-content-justification-center is-layout-flex wp-container-core-buttons-is-layout-47909919 wp-block-buttons-is-layout-flex\">\n<div class=\"wp-block-button has-custom-width wp-block-button__width-50 is-style-outline is-style-outline--3\"><a class=\"wp-block-button__link has-text-color has-background has-link-color has-small-font-size has-custom-font-size wp-element-button\" style=\"border-top-left-radius:25px;border-top-right-radius:25px;border-bottom-left-radius:25px;border-bottom-right-radius:25px;color:#ffd5c0;background-color:#9c3c00\">cerrado<\/a><\/div>\n<\/div>\n<\/div>\n<\/div>\n\n\n\n<div style=\"height:100px\" aria-hidden=\"true\" class=\"wp-block-spacer\"><\/div>\n<\/div><\/div>\n","protected":false},"excerpt":{"rendered":"<p>Diplomados Refuerza tus conocimientos, mediante el estudio especializado de temas selectos de las licenciaturas que se imparten en nuestra casa de estudios. Nuestros diplomados son impartidos por especialistas en el \u00e1rea, que a trav\u00e9s de la praxis y la docencia se mantienen a la vanguardia en el estado del arte de sus disciplinas. Por el [&hellip;]<\/p>\n","protected":false},"author":1,"featured_media":0,"parent":0,"menu_order":0,"comment_status":"closed","ping_status":"closed","template":"oferta_paginas","meta":{"footnotes":""},"class_list":["post-2705","page","type-page","status-publish","hentry"],"_links":{"self":[{"href":"https:\/\/cutchi.mx\/index.php?rest_route=\/wp\/v2\/pages\/2705","targetHints":{"allow":["GET"]}}],"collection":[{"href":"https:\/\/cutchi.mx\/index.php?rest_route=\/wp\/v2\/pages"}],"about":[{"href":"https:\/\/cutchi.mx\/index.php?rest_route=\/wp\/v2\/types\/page"}],"author":[{"embeddable":true,"href":"https:\/\/cutchi.mx\/index.php?rest_route=\/wp\/v2\/users\/1"}],"replies":[{"embeddable":true,"href":"https:\/\/cutchi.mx\/index.php?rest_route=%2Fwp%2Fv2%2Fcomments&post=2705"}],"version-history":[{"count":13,"href":"https:\/\/cutchi.mx\/index.php?rest_route=\/wp\/v2\/pages\/2705\/revisions"}],"predecessor-version":[{"id":3440,"href":"https:\/\/cutchi.mx\/index.php?rest_route=\/wp\/v2\/pages\/2705\/revisions\/3440"}],"wp:attachment":[{"href":"https:\/\/cutchi.mx\/index.php?rest_route=%2Fwp%2Fv2%2Fmedia&parent=2705"}],"curies":[{"name":"wp","href":"https:\/\/api.w.org\/{rel}","templated":true}]}}