{"id":1654,"date":"2025-08-01T15:25:54","date_gmt":"2025-08-01T21:25:54","guid":{"rendered":"https:\/\/cutchi.mx\/?page_id=1654"},"modified":"2025-08-01T20:35:40","modified_gmt":"2025-08-02T02:35:40","slug":"instructivo-de-inscripcion-nuevo-ingreso-2025-3ra-vuelta","status":"publish","type":"page","link":"https:\/\/cutchi.mx\/?page_id=1654","title":{"rendered":"Instructivo de inscripci\u00f3n nuevo ingreso 2025 (3ra vuelta)"},"content":{"rendered":"\n<div class=\"wp-block-group is-style-default is-layout-constrained wp-block-group-is-layout-constrained\">\n<div class=\"wp-block-cover alignfull is-light has-custom-content-position is-position-top-left has-aspect-ratio\" style=\"border-style:none;border-width:0px;margin-top:0;padding-top:5vw;padding-right:5vw;padding-bottom:5vw;padding-left:5vw;min-height:50vh;aspect-ratio:auto;min-height:unset;\"><img loading=\"lazy\" decoding=\"async\" width=\"960\" height=\"720\" class=\"wp-block-cover__image-background wp-image-1164 size-full\" alt=\"\" src=\"https:\/\/cutchi.mx\/wpress\/wp-content\/uploads\/2025\/06\/DERECHO-3.jpg\" data-object-fit=\"cover\" srcset=\"https:\/\/cutchi.mx\/wpress\/wp-content\/uploads\/2025\/06\/DERECHO-3.jpg 960w, https:\/\/cutchi.mx\/wpress\/wp-content\/uploads\/2025\/06\/DERECHO-3-300x225.jpg 300w, https:\/\/cutchi.mx\/wpress\/wp-content\/uploads\/2025\/06\/DERECHO-3-768x576.jpg 768w\" sizes=\"auto, (max-width: 960px) 100vw, 960px\" \/><span aria-hidden=\"true\" class=\"wp-block-cover__background has-background-dim-80 has-background-dim\" style=\"background-color:#a0d5c0\"><\/span><div class=\"wp-block-cover__inner-container is-layout-flow wp-block-cover-is-layout-flow\">\n<div class=\"wp-block-group wp-container-content-9cfa9a5a is-vertical is-nowrap is-layout-flex wp-container-core-group-is-layout-2890af74 wp-block-group-is-layout-flex\">\n<p class=\"has-text-align-left has-text-color\" style=\"color:#008891;font-size:70px;font-style:italic;font-weight:900;letter-spacing:-4px;line-height:0.8;text-transform:none\">Instructivo de inscripci\u00f3n para alumnos admitidos en 3ra vuelta<br><br>Ciclo 2026-1<\/p>\n<\/div>\n<\/div><\/div>\n\n\n\n<p>Hola estudiante, nos emociona recibirte en nuestra casa de estudios y aportar a la construcci\u00f3n de un pelda\u00f1o m\u00e1s en tu formaci\u00f3n profesional y en el alcance de tus proyectos de vida.<\/p>\n\n\n\n<p>Lee detalladamente las instrucciones para completar el tr\u00e1mite de inscripci\u00f3n, sobre todo si tienes que tomar el CURSO DE NIVELACI\u00d3N.<\/p>\n\n\n\n<p>!Bienvenidos\u00a1<\/p>\n\n\n\n<hr class=\"wp-block-separator has-alpha-channel-opacity\"\/>\n\n\n\n<h2 class=\"wp-block-heading has-text-align-center\" id=\"g50e59ebb7c02\">Contenido del instructivo<\/h2>\n\n\n\n\n\n<hr class=\"wp-block-separator has-alpha-channel-opacity\"\/>\n\n\n\n<h3 class=\"wp-block-heading\" id=\"gce534a85a4cc\">1. Aspirantes con resultado \u00abACEPTADO\u00bb<\/h3>\n\n\n\n<div class=\"wp-block-group is-layout-constrained wp-block-group-is-layout-constrained\">\n<p>Los aspirantes con este resultado, obtuvieron los aciertos necesarios para exentar el curso de nivelaci\u00f3n, pero deber\u00e1n dar cumplimiento a todos los otros requisitos y tr\u00e1mites indicados en el presente instructivo.<\/p>\n\n\n\n<p>Si tienes duda respecto a tu resultado cons\u00faltalo nuevamente <a href=\"https:\/\/cutchi.mx\/resultados\" data-type=\"link\" data-id=\"https:\/\/cutchi.mx\/resultados\">aqu\u00ed<\/a>.<\/p>\n<\/div>\n\n\n\n<hr class=\"wp-block-separator has-alpha-channel-opacity\"\/>\n\n\n\n<h3 class=\"wp-block-heading\" id=\"g0aee0bdf42fd\">2. Aspirantes con resultado \u00abACEPTADO &#8211; OBLIGADO A REALIZAR CURSO DE NIVELACI\u00d3N\u00bb<\/h3>\n\n\n\n<div class=\"wp-block-group is-layout-constrained wp-block-group-is-layout-constrained\">\n<p>Los aspirantes con este resultado deben fortalecer \u00e1reas del conocimiento indispensables para el mejor comienzo de sus estudios profesionales, para lo cual deber\u00e1n acreditar que tomaron el siguiente curso en l\u00ednea:<\/p>\n\n\n\n<div class=\"wp-block-getwid-table\"><table><tbody><tr><td colspan=\"1\" style=\"text-align:center;background-color:#92c35b\"><strong>Curso de ortograf\u00eda y redacci\u00f3n<\/strong><\/td><\/tr><tr><td style=\"text-align:center\"><a href=\"https:\/\/capacitateparaelempleo.org\/cursos\/view\/211\">https:\/\/capacitateparaelempleo.org\/cursos\/view\/211<\/a><\/td><\/tr><\/tbody><\/table><\/div>\n\n\n\n<p>El curso es gratuito y la constancia de acreditaci\u00f3n es requisito necesario para el tr\u00e1mite de inscripci\u00f3n.<\/p>\n\n\n\n<p>Despu\u00e9s de acreditar el curso, deber\u00e1s dar cumplimiento al resto de los requisitos y tr\u00e1mites indicados en el instructivo.<\/p>\n\n\n\n<p>Si tienes duda respecto a tu resultado cons\u00faltalo nuevamente <a href=\"https:\/\/cutchi.mx\/resultados\" data-type=\"link\" data-id=\"https:\/\/cutchi.mx\/resultados\">aqu\u00ed<\/a>.<\/p>\n<\/div>\n\n\n\n<hr class=\"wp-block-separator has-alpha-channel-opacity\"\/>\n\n\n\n<h3 class=\"wp-block-heading\" id=\"g167ae79118e2\">3. Re\u00fane los requisitos para el tr\u00e1mite<\/h3>\n\n\n\n<div class=\"wp-block-group is-layout-constrained wp-block-group-is-layout-constrained\">\n<p>Dependiendo de tu situaci\u00f3n los requisitos que deber\u00e1s presentar ser\u00e1n diferentes.<\/p>\n\n\n\n<div class=\"wp-block-group is-layout-constrained wp-block-group-is-layout-constrained\">\n<p>Conforme al art\u00edculo 9 del Reglamento General del CUT, los documentos que debes presentar son los siguientes:<\/p>\n\n\n\n<figure class=\"wp-block-table has-medium-font-size\"><table><tbody><tr><td>1<\/td><td><strong>Constancia de acreditaci\u00f3n del curso de nivelaci\u00f3n<\/strong><br>Solo para el caso de aquellos aspirantes con resultado \u00abACEPTADO &#8211; OBLIGADO A REALIZAR CURSO DE NIVELACI\u00d3N\u00bb.<\/td><td class=\"has-text-align-center\" data-align=\"center\">Original<\/td><\/tr><tr><td>2<\/td><td><strong>Carta de aceptaci\u00f3n. <\/strong><br>La recibir\u00e1s en el correo electr\u00f3nico registrado para el proceso de admisi\u00f3n<\/td><td class=\"has-text-align-center\" data-align=\"center\">Original y 2 copias<\/td><\/tr><tr><td>3<\/td><td><strong>Certificado total de estudios de Educaci\u00f3n Media Superior<\/strong>.<br>En caso de no tenerlo, deber\u00e1 presentarse una carta compromiso. Descarga el formato al final de la lista de requisitos.<\/td><td class=\"has-text-align-center\" data-align=\"center\">Original y 2 copias<\/td><\/tr><tr><td>4<\/td><td><strong>Acta de nacimiento<\/strong>.<br>Se acepta en copia certificada emitida por el Registro Civil o de kiosko digital.<\/td><td class=\"has-text-align-center\" data-align=\"center\">Original y 2 copias <\/td><\/tr><tr><td>5<\/td><td><strong>Certificado m\u00e9dico expedido por instituci\u00f3n p\u00fablica<\/strong> .<br><br>En caso de padecer alguna enfermedad que produzca episodios de inconsciencia o que requiera control farmacol\u00f3gico, se deber\u00e1 presentar el historial cl\u00ednico expedido por el m\u00e9dico o instituci\u00f3n tratante.<\/td><td class=\"has-text-align-center\" data-align=\"center\">Original y 2 copias <\/td><\/tr><tr><td>6<\/td><td><strong>Clave CURP<\/strong>.<br>Con antig\u00fcedad m\u00e1xima de 1 mes.<\/td><td class=\"has-text-align-center\" data-align=\"center\">2 impresiones<\/td><\/tr><tr><td>7<\/td><td><strong>Credencial del INE o identificaci\u00f3n oficial vigente<\/strong>.<br>S\u00f3lo en caso de tener los 18 a\u00f1os cumplidos<\/td><td class=\"has-text-align-center\" data-align=\"center\">2 copias <\/td><\/tr><tr><td>8<\/td><td><strong>Comprobante de domicilio<\/strong>.<\/td><td class=\"has-text-align-center\" data-align=\"center\">2 copias<\/td><\/tr><tr><td>9<\/td><td><strong>Comprobante de pago de inscripci\u00f3n<\/strong>.<br>La referencia de pago se enviar\u00e1 al correo electr\u00f3nico registrado para el proceso de admisi\u00f3n<\/td><td class=\"has-text-align-center\" data-align=\"center\">Original y 2 copias <\/td><\/tr><tr><td>10<\/td><td><strong>Comprobante de pago de colegiatura<\/strong>.<br>Se deber\u00e1 pagar por lo menos la 1ra parcialidad. Aquellos alumnos que deseen pagar la totalidad de la colegiatura deber\u00e1n enviar un correo a <a href=\"mailto:finanzas@cutchi.mx\" target=\"_blank\" rel=\"noreferrer noopener\">finanzas@cutchi.mx<\/a><br><br>La referencia de pago se enviar\u00e1 al correo electr\u00f3nico registrado para el proceso de admisi\u00f3n<\/td><td class=\"has-text-align-center\" data-align=\"center\">Original y 2 copias <\/td><\/tr><tr><td>11<\/td><td><strong>Fotograf\u00edas tama\u00f1o infantil a color<\/strong>.<br>Vestimenta formal, sin accesorios ni lentes. No se aceptan fotos de eventos sociales recortadas, ni autorretratos (selfies), ni impresiones en papel bond.<\/td><td class=\"has-text-align-center\" data-align=\"center\">2 fotos<\/td><\/tr><tr><td>12<\/td><td><strong>Folder tama\u00f1o oficio color verde<\/strong>.<\/td><td class=\"has-text-align-center\" data-align=\"center\">2 piezas<\/td><\/tr><\/tbody><\/table><\/figure>\n\n\n\n<p class=\"has-tertiary-bg-color-color has-secondary-bg-color-background-color has-text-color has-background has-link-color wp-elements-4c6cc17a322512ba9c41bb73b41da549\">Se te informa, que los originales del acta de nacimiento y el certificado de Educaci\u00f3n Media Superior, deber\u00e1n permanecer en el archivo escolar hasta que te hayas titulado o solicites tu baja definitiva de la instituci\u00f3n.<br><br>Lo anterior, en cumplimiento a las disposiciones del acuerdo 17\/11\/17 de la Secretar\u00eda de Educaci\u00f3n P\u00fablica publicadas en el Diario Oficial de la Federaci\u00f3n el 13 de noviembre de 2017.<\/p>\n\n\n\n<div style=\"height:29px\" aria-hidden=\"true\" class=\"wp-block-spacer\"><\/div>\n\n\n\n<h5 class=\"wp-block-heading has-luminous-vivid-amber-background-color has-background\">Caso especial. Alumnos de nuevo ingreso que no cuentan con certificado total de estudios de educaci\u00f3n media superior.<\/h5>\n\n\n\n<p>Aquellos alumnos que no cuenten con el certificado al momento de realizar el tr\u00e1mite de inscripci\u00f3n, tendr\u00e1n la opci\u00f3n de presentar una carta en la que se comprometan a presentar el documento requerido en fecha posterior.<\/p>\n\n\n\n<p>Si este es tu caso, descarga el formato que corresponda a tu situaci\u00f3n, llena el formato de carta con los datos requeridos, recaba las firmas que se indican y pres\u00e9ntala el d\u00eda de tu inscripci\u00f3n.<\/p>\n\n\n\n<div class=\"wp-block-group alignfull has-text-color has-background is-layout-flow wp-block-group-is-layout-flow\" style=\"color:#000000;background-color:#ffffff\">\n<div class=\"wp-block-buttons is-vertical is-content-justification-center is-layout-flex wp-container-core-buttons-is-layout-734eb2c2 wp-block-buttons-is-layout-flex\">\n<div class=\"wp-block-button has-custom-width wp-block-button__width-75 is-style-outline is-style-outline--1\"><a class=\"wp-block-button__link has-vivid-green-cyan-background-color has-text-color has-background has-border-color has-foreground-border-color wp-element-button\" href=\"https:\/\/cutchi.mx\/wpress\/wp-content\/uploads\/2025\/07\/cartac_certificado_MINORIDAD.pdf\" style=\"border-width:3px;border-radius:50px;color:#ffffff\" target=\"_blank\" rel=\"noreferrer noopener\">formato para alumno menor de edad<\/a><\/div>\n\n\n\n<div class=\"wp-block-button has-custom-width wp-block-button__width-75 is-style-outline is-style-outline--2\"><a class=\"wp-block-button__link has-vivid-purple-background-color has-text-color has-background has-border-color has-foreground-border-color wp-element-button\" href=\"https:\/\/cutchi.mx\/wpress\/wp-content\/uploads\/2025\/07\/cartac_certificado_MAYORIA.pdf\" style=\"border-width:3px;border-radius:50px;color:#ffffff\" target=\"_blank\" rel=\"noreferrer noopener\">formato para alumno mayor de edad<\/a><\/div>\n<\/div>\n<\/div>\n<\/div>\n<\/div>\n\n\n\n<h3 class=\"wp-block-heading\" id=\"gc6c5f594f750\">4. Realiza tus pagos<\/h3>\n\n\n\n<div class=\"wp-block-group is-layout-constrained wp-block-group-is-layout-constrained\">\n<p>Los pagos por concepto de inscripci\u00f3n y colegiatura se realizan mediante el uso de referencias \u00fanicas por alumno y concepto.<\/p>\n\n\n\n<p>Recibir\u00e1s tu hoja de referencias de pago en el correo que utilizaste para registrarte al examen de admisi\u00f3n. Se deber\u00e1n cubrir los costos de inscripci\u00f3n de $900 y $1300 en concepto de primera parcialidad de la colegiatura.<\/p>\n\n\n\n<p>Para realizar el pago, deber\u00e1s presentar la hoja de referencias  en ventanillas de Banorte o en sucursales de los corresponsales bancarios de Banorte que reciban pago de servicios. Tambi\u00e9n puedes utilizar la aplicaci\u00f3n Banorte M\u00f3vil.<\/p>\n\n\n\n<p>Consulta los centros de pago Banorte <a href=\"https:\/\/www.banorte.com\/wps\/portal\/banorte\/Home\/geolocalizacion-banorte\" data-type=\"link\" data-id=\"https:\/\/www.banorte.com\/wps\/portal\/banorte\/Home\/geolocalizacion-banorte\">aqu\u00ed<\/a><\/p>\n\n\n\n<p class=\"has-body-text-color has-text-color has-background has-link-color wp-elements-6992a53c290e6ef4633a3b7c45169ba5\" style=\"background-color:#fbf2ff;margin-right:0;margin-left:0\">Cada uno de los pagos deber\u00e1n realizarse utilizando la referencia \u00fanica asignada. Verifica que tu nombre sea correcto en la hoja de referencias  antes de presentarla en ventanilla y solicita al cajero que expida un comprobante separado por cada pago.<\/p>\n\n\n\n<p>En aquellos casos que tus datos sean incorrectos o si deseas pagar la totalidad de la colegiatura env\u00eda un correo a <a href=\"mailto:finanzas@cutchi.mx\" data-type=\"link\" data-id=\"finanzas@cutchi.mx\">finanzas@cutchi.mx<\/a>.<\/p>\n<\/div>\n\n\n\n<hr class=\"wp-block-separator has-alpha-channel-opacity\"\/>\n\n\n\n<h3 class=\"wp-block-heading\" id=\"g4ba2a5f9dc34\">5. Pres\u00e9ntate al curso proped\u00e9utico<\/h3>\n\n\n\n<div class=\"wp-block-group is-layout-constrained wp-block-group-is-layout-constrained\">\n<p>Los alumnos de nuevo ingreso admitidos en 3ra vuelta, cursar\u00e1n curso proped\u00e9utico los d\u00edas 4 al 8 de agosto de 2025, de 08:00 a 15:00 horas.<\/p>\n\n\n\n<hr class=\"wp-block-separator has-alpha-channel-opacity\"\/>\n<\/div>\n\n\n\n<h3 class=\"wp-block-heading\" id=\"g4ba2a5f9dc34\">6. Realiza tu tr\u00e1mite de inscripci\u00f3n<\/h3>\n\n\n\n<div class=\"wp-block-group is-layout-constrained wp-block-group-is-layout-constrained\">\n<p>Pres\u00e9ntate a realizar tu tr\u00e1mite de inscripci\u00f3n al Departamento de Control Escolar del plantel.<\/p>\n\n\n\n<div class=\"wp-block-getwid-table has-table-layout-auto\"><table><thead><tr><th style=\"background-color:#c891e3;border-color:#574949\">Fecha<\/th><th style=\"background-color:#c891e3;border-color:#000000\">Semestres<\/th><th style=\"background-color:#c891e3;border-color:#000000\">Carreras<\/th><\/tr><\/thead><tbody><tr><td style=\"text-align:center;background-color:#fbf2ff\">Lunes, 4 de agosto de 2025. <br>Al concluir el curso proped\u00e9utico. <\/td><td style=\"text-align:center;background-color:#fbf2ff\">Nuevo ingreso, admitidos en 3ra vuelta.<\/td><td style=\"text-align:center;background-color:#fbf2ff\">Todas las carreras<\/td><\/tr><\/tbody><\/table><figcaption><sub>Fechas de tr\u00e1mite<\/sub><\/figcaption><\/div>\n<\/div>\n\n\n\n<hr class=\"wp-block-separator has-alpha-channel-opacity\"\/>\n\n\n\n<h3 class=\"wp-block-heading\" id=\"g8420e741d14a\">7. Comienzo de clases<\/h3>\n\n\n\n<div class=\"wp-block-group is-layout-constrained wp-block-group-is-layout-constrained\">\n<p>El ciclo escolar 2026-1 comienza el d\u00eda 11 de agosto de 2025 a las 07:00 horas.<\/p>\n<\/div>\n<\/div>\n","protected":false},"excerpt":{"rendered":"<p>Hola estudiante, nos emociona recibirte en nuestra casa de estudios y aportar a la construcci\u00f3n de un pelda\u00f1o m\u00e1s en tu formaci\u00f3n profesional y en el alcance de tus proyectos de vida. Lee detalladamente las instrucciones para completar el tr\u00e1mite de inscripci\u00f3n, sobre todo si tienes que tomar el CURSO DE NIVELACI\u00d3N. !Bienvenidos\u00a1 Contenido del [&hellip;]<\/p>\n","protected":false},"author":1,"featured_media":0,"parent":0,"menu_order":0,"comment_status":"closed","ping_status":"closed","template":"oferta_paginas","meta":{"footnotes":""},"class_list":["post-1654","page","type-page","status-publish","hentry"],"_links":{"self":[{"href":"https:\/\/cutchi.mx\/index.php?rest_route=\/wp\/v2\/pages\/1654","targetHints":{"allow":["GET"]}}],"collection":[{"href":"https:\/\/cutchi.mx\/index.php?rest_route=\/wp\/v2\/pages"}],"about":[{"href":"https:\/\/cutchi.mx\/index.php?rest_route=\/wp\/v2\/types\/page"}],"author":[{"embeddable":true,"href":"https:\/\/cutchi.mx\/index.php?rest_route=\/wp\/v2\/users\/1"}],"replies":[{"embeddable":true,"href":"https:\/\/cutchi.mx\/index.php?rest_route=%2Fwp%2Fv2%2Fcomments&post=1654"}],"version-history":[{"count":10,"href":"https:\/\/cutchi.mx\/index.php?rest_route=\/wp\/v2\/pages\/1654\/revisions"}],"predecessor-version":[{"id":1668,"href":"https:\/\/cutchi.mx\/index.php?rest_route=\/wp\/v2\/pages\/1654\/revisions\/1668"}],"wp:attachment":[{"href":"https:\/\/cutchi.mx\/index.php?rest_route=%2Fwp%2Fv2%2Fmedia&parent=1654"}],"curies":[{"name":"wp","href":"https:\/\/api.w.org\/{rel}","templated":true}]}}